{"id":93,"date":"2023-03-11T11:35:45","date_gmt":"2023-03-11T11:35:45","guid":{"rendered":"https:\/\/catedraamazonica.org\/?page_id=93"},"modified":"2023-03-11T12:27:48","modified_gmt":"2023-03-11T12:27:48","slug":"catedra-amazonica","status":"publish","type":"page","link":"https:\/\/catedraamazonica.org\/?page_id=93","title":{"rendered":"C\u00e1tedra Amaz\u00f3nica"},"content":{"rendered":"\n<div class=\"wp-block-group\"><div class=\"wp-block-group__inner-container is-layout-constrained wp-block-group-is-layout-constrained\">\n<p class=\"has-headings-color has-text-color\">CREACI\u00d3N Y ACTO DE INAUGURACI\u00d3N<\/p>\n\n\n\n<p class=\"has-accent-2-color has-text-color\">La C\u00e1tedra de Estudios Amaz\u00f3nicos fue creada por Fr. David \u00c1lvarez, Presidente del Estudio Teol\u00f3gico Agustiniano en el mes de octubre del 2011, a instancia de los misioneros nuestros del Vicariato de Iquitos, poniendo como Director de ella al P. Eugenio Alonso, por haber estado por aquellas tierras y D. Jos\u00e9 Luis Alonso Ponga por ser Catedr\u00e1tico de la UVA.<\/p>\n\n\n\n<p class=\"has-accent-2-color has-text-color\">El 29 de noviembre fue la puesta de largo de la C\u00e1tedra de Estudios Amaz\u00f3nicos del Estudio Teol\u00f3gico Agustiniano, con la inauguraci\u00f3n de la Exposici\u00f3n del \u201cCaucho Amaz\u00f3nico del Per\u00fa\u201d cedida por la Embajada del Per\u00fa, con fotos del D. Jaime V\u00e1zquez, director de la editorial Tierra Nueva y completada con fondos del Museo Oriental.<\/p>\n\n\n\n<p class=\"has-accent-2-color has-text-color\">El acto estuvo apadrinado por el Sr. Embajador del Per\u00fa, quien resalt\u00f3 en el Aula Magna la relaci\u00f3n importante de Espa\u00f1a con el Per\u00fa, siendo la naci\u00f3n inversora con n\u00fameros m\u00e1s altos en el territorio peruano y se comprometi\u00f3 a apoyar los objetivos de la C\u00e1tedra. \ufeff<\/p>\n\n\n\n<p class=\"has-accent-2-color has-text-color\">Tambi\u00e9n asisti\u00f3 el Sr. Alcalde que recordaba, no solamente haber sido monaguillo de la Iglesia nuestra, sino la importancia para Valladolid de tener unos misioneros que dan la cara por esta tierra en el Amazonas peruano y dec\u00eda que ve\u00eda seriedad cient\u00edfica con el programa del 3 y del&nbsp; 4 de diciembre, en el que se anunciaban conferencias de la Directora del CAAAP del Per\u00fa y de un investigador de esa misma instituci\u00f3n sobre aspectos pasados y futuros de la Amazon\u00eda, por lo cual la Alcald\u00eda consideraba que merec\u00eda el seguir apoyando la C\u00e1tedra.<\/p>\n\n\n\n<p class=\"has-accent-2-color has-text-color\">Por su parte, el Sr. Vicerrector de Relaciones Internacionales y Extensi\u00f3n Universitaria de la Universidad de Valladolid, representando al Sr. Rector, destac\u00f3 la importancia de hacer ciencia en&nbsp; serio y&nbsp; el Estudio Teol\u00f3gico Agustiniano ha demostrado esa vocaci\u00f3n cient\u00edfica en&nbsp; otros convenios de colaboraci\u00f3n firmados con la UVA.<\/p>\n<\/div><\/div>\n\n\n<div class=\"wp-block-image\">\n<figure class=\"aligncenter size-full\"><img loading=\"lazy\" decoding=\"async\" width=\"562\" height=\"332\" src=\"https:\/\/catedraamazonica.org\/wp-content\/uploads\/2023\/03\/8cdcea_2a56ade015d042ada204b39164a9b933.webp\" alt=\"\" class=\"wp-image-164\" srcset=\"https:\/\/catedraamazonica.org\/wp-content\/uploads\/2023\/03\/8cdcea_2a56ade015d042ada204b39164a9b933.webp 562w, https:\/\/catedraamazonica.org\/wp-content\/uploads\/2023\/03\/8cdcea_2a56ade015d042ada204b39164a9b933-300x177.webp 300w, https:\/\/catedraamazonica.org\/wp-content\/uploads\/2023\/03\/8cdcea_2a56ade015d042ada204b39164a9b933-359x212.webp 359w\" sizes=\"auto, (max-width: 562px) 100vw, 562px\" \/><figcaption class=\"wp-element-caption\">Acto Oficial de Inauguraci\u00f3n: 29 de Noviembre de 2011<\/figcaption><\/figure><\/div>\n\n\n<p><\/p>\n\n\n\n<p><\/p>\n","protected":false},"excerpt":{"rendered":"<p>CREACI\u00d3N Y ACTO DE INAUGURACI\u00d3N La C\u00e1tedra de Estudios Amaz\u00f3nicos fue creada por Fr. David \u00c1lvarez, Presidente del Estudio Teol\u00f3gico Agustiniano en el mes de &hellip;<\/p>\n","protected":false},"author":1,"featured_media":0,"parent":0,"menu_order":0,"comment_status":"closed","ping_status":"closed","template":"","meta":{"om_disable_all_campaigns":false,"_monsterinsights_skip_tracking":false,"_monsterinsights_sitenote_active":false,"_monsterinsights_sitenote_note":"","_monsterinsights_sitenote_category":0,"footnotes":""},"class_list":["post-93","page","type-page","status-publish","hentry"],"aioseo_notices":[],"_links":{"self":[{"href":"https:\/\/catedraamazonica.org\/index.php?rest_route=\/wp\/v2\/pages\/93","targetHints":{"allow":["GET"]}}],"collection":[{"href":"https:\/\/catedraamazonica.org\/index.php?rest_route=\/wp\/v2\/pages"}],"about":[{"href":"https:\/\/catedraamazonica.org\/index.php?rest_route=\/wp\/v2\/types\/page"}],"author":[{"embeddable":true,"href":"https:\/\/catedraamazonica.org\/index.php?rest_route=\/wp\/v2\/users\/1"}],"replies":[{"embeddable":true,"href":"https:\/\/catedraamazonica.org\/index.php?rest_route=%2Fwp%2Fv2%2Fcomments&post=93"}],"version-history":[{"count":4,"href":"https:\/\/catedraamazonica.org\/index.php?rest_route=\/wp\/v2\/pages\/93\/revisions"}],"predecessor-version":[{"id":166,"href":"https:\/\/catedraamazonica.org\/index.php?rest_route=\/wp\/v2\/pages\/93\/revisions\/166"}],"wp:attachment":[{"href":"https:\/\/catedraamazonica.org\/index.php?rest_route=%2Fwp%2Fv2%2Fmedia&parent=93"}],"curies":[{"name":"wp","href":"https:\/\/api.w.org\/{rel}","templated":true}]}}