{"id":70,"date":"2023-03-11T11:21:47","date_gmt":"2023-03-11T11:21:47","guid":{"rendered":"https:\/\/catedraamazonica.org\/?page_id=70"},"modified":"2023-03-11T12:30:05","modified_gmt":"2023-03-11T12:30:05","slug":"accion-pastoral","status":"publish","type":"page","link":"https:\/\/catedraamazonica.org\/?page_id=70","title":{"rendered":"Acci\u00f3n Pastoral"},"content":{"rendered":"\n<div class=\"wp-block-group\"><div class=\"wp-block-group__inner-container is-layout-constrained wp-block-group-is-layout-constrained\">\n<p class=\"has-accent-2-color has-text-color\">La acci\u00f3n pastoral es una tarea fundamental de la Iglesia en la Amazon\u00eda, que busca promover la fe cristiana y el bienestar espiritual y material de las comunidades ind\u00edgenas y campesinas. Esta labor se basa en una visi\u00f3n teol\u00f3gica que reconoce la dignidad de toda persona y la importancia de la inculturaci\u00f3n del Evangelio en las diferentes culturas y realidades sociales.<\/p>\n\n\n\n<p class=\"has-accent-2-color has-text-color\">La formaci\u00f3n de l\u00edderes es una tarea clave en la acci\u00f3n pastoral, ya que permite la creaci\u00f3n de comunidades cristianas aut\u00f3ctonas y el desarrollo de una pastoral ind\u00edgena que respete la identidad cultural y las necesidades de las comunidades locales. Para ello, es importante fomentar la educaci\u00f3n teol\u00f3gica y pastoral de los l\u00edderes ind\u00edgenas, as\u00ed como crear espacios de di\u00e1logo y reflexi\u00f3n entre ellos y los l\u00edderes de la Iglesia.<\/p>\n\n\n\n<p class=\"has-accent-2-color has-text-color\">La promoci\u00f3n de la pastoral ind\u00edgena implica el fortalecimiento de las estructuras eclesiales y la capacitaci\u00f3n de los l\u00edderes para la animaci\u00f3n y direcci\u00f3n de las comunidades. Esto incluye la formaci\u00f3n de equipos de pastoral, la elaboraci\u00f3n de materiales de formaci\u00f3n y catequesis en las lenguas locales, y el fortalecimiento de las redes de comunidades cristianas en la regi\u00f3n.<\/p>\n\n\n\n<p class=\"has-accent-2-color has-text-color\">Adem\u00e1s, la acci\u00f3n pastoral en la Amazon\u00eda debe estar orientada a la promoci\u00f3n del bienestar material y social de las comunidades. Esto implica trabajar en la defensa de los derechos humanos, la justicia social y la protecci\u00f3n del medio ambiente, as\u00ed como en la promoci\u00f3n de la salud, la educaci\u00f3n y el desarrollo econ\u00f3mico sostenible.<\/p>\n\n\n\n<p class=\"has-accent-2-color has-text-color\">La acci\u00f3n pastoral en la Amazon\u00eda tambi\u00e9n debe estar en di\u00e1logo con otras religiones y creencias presentes en la regi\u00f3n, buscando la construcci\u00f3n de una convivencia pac\u00edfica y fraterna entre todos los habitantes de la Amazon\u00eda. Este di\u00e1logo puede ser un espacio de enriquecimiento mutuo y de colaboraci\u00f3n en la promoci\u00f3n del bien com\u00fan.<\/p>\n\n\n\n<p class=\"has-accent-2-color has-text-color\">Desde enero de 1901, m\u00e1s de un centenar de agustinos formados en este Centro de Estudios de los Agustinos Filipinos han trabajado en los r\u00edos Amazonas, Mara\u00f1\u00f3n, Yakirana, Tigre, Nanay, Napo, entre los indios Cocama, Aguaruna, J\u00edbaro, Murato, Huitoto, Yagua, Orejones. Actualmente, en los 100.000 km cuadrados asignados a los Agustinos (Vicariato Apost\u00f3lico de Iquitos), \u00e9stos realizan con la colaboraci\u00f3n de los agentes pastorales una intensa labor pastoral, educativa, cultural y social gracias a los diversos colegios, a la Escuela de Formaci\u00f3n Profesional, el CETA \u2013 Centro de Estudios Teol\u00f3gicos de la Amazon\u00eda\u2013, la emisora la Voz de la Selva en Iquitos, la emisora UCAMARA en Nauta que tiene una incidencia fuerte en el medio, el CENCCA \u2013Centro de Capacitaci\u00f3n Campesina de la Amazon\u00eda-, dispensarios, mesas sociales\u2026\u00a0 Varios de los agustinos est\u00e1n implicados actualmente en la conservaci\u00f3n del medio ambiente, en la defensa de los derechos de los pueblos aut\u00f3ctonos, en la ecoteolog\u00eda, en la teolog\u00eda contextual ind\u00edgena\u2026<\/p>\n\n\n\n<p class=\"has-accent-2-color has-text-color\">En conclusi\u00f3n, la acci\u00f3n pastoral en la Amazon\u00eda es una tarea compleja y desafiante que implica la formaci\u00f3n de l\u00edderes, la promoci\u00f3n de la pastoral ind\u00edgena, la defensa de los derechos humanos y la protecci\u00f3n del medio ambiente, as\u00ed como el di\u00e1logo interreligioso. Esta labor debe estar basada en una visi\u00f3n teol\u00f3gica que reconoce la importancia de la inculturaci\u00f3n del Evangelio y la promoci\u00f3n del bienestar material y espiritual de todas las personas y comunidades de la regi\u00f3n.<\/p>\n\n\n<div class=\"wp-block-image\">\n<figure class=\"aligncenter size-large\"><img loading=\"lazy\" decoding=\"async\" width=\"1024\" height=\"695\" src=\"https:\/\/catedraamazonica.org\/wp-content\/uploads\/2023\/03\/asambleak_20_6_1-1024x695.jpg\" alt=\"\" class=\"wp-image-127\" srcset=\"https:\/\/catedraamazonica.org\/wp-content\/uploads\/2023\/03\/asambleak_20_6_1-1024x695.jpg 1024w, https:\/\/catedraamazonica.org\/wp-content\/uploads\/2023\/03\/asambleak_20_6_1-300x204.jpg 300w, https:\/\/catedraamazonica.org\/wp-content\/uploads\/2023\/03\/asambleak_20_6_1-768x521.jpg 768w, https:\/\/catedraamazonica.org\/wp-content\/uploads\/2023\/03\/asambleak_20_6_1-1536x1042.jpg 1536w, https:\/\/catedraamazonica.org\/wp-content\/uploads\/2023\/03\/asambleak_20_6_1-359x244.jpg 359w, https:\/\/catedraamazonica.org\/wp-content\/uploads\/2023\/03\/asambleak_20_6_1.jpg 1559w\" sizes=\"auto, (max-width: 1024px) 100vw, 1024px\" \/><\/figure><\/div><\/div><\/div>\n","protected":false},"excerpt":{"rendered":"<p>La acci\u00f3n pastoral es una tarea fundamental de la Iglesia en la Amazon\u00eda, que busca promover la fe cristiana y el bienestar espiritual y material &hellip;<\/p>\n","protected":false},"author":1,"featured_media":0,"parent":0,"menu_order":0,"comment_status":"closed","ping_status":"closed","template":"","meta":{"om_disable_all_campaigns":false,"_monsterinsights_skip_tracking":false,"_monsterinsights_sitenote_active":false,"_monsterinsights_sitenote_note":"","_monsterinsights_sitenote_category":0,"footnotes":""},"class_list":["post-70","page","type-page","status-publish","hentry"],"aioseo_notices":[],"_links":{"self":[{"href":"https:\/\/catedraamazonica.org\/index.php?rest_route=\/wp\/v2\/pages\/70","targetHints":{"allow":["GET"]}}],"collection":[{"href":"https:\/\/catedraamazonica.org\/index.php?rest_route=\/wp\/v2\/pages"}],"about":[{"href":"https:\/\/catedraamazonica.org\/index.php?rest_route=\/wp\/v2\/types\/page"}],"author":[{"embeddable":true,"href":"https:\/\/catedraamazonica.org\/index.php?rest_route=\/wp\/v2\/users\/1"}],"replies":[{"embeddable":true,"href":"https:\/\/catedraamazonica.org\/index.php?rest_route=%2Fwp%2Fv2%2Fcomments&post=70"}],"version-history":[{"count":5,"href":"https:\/\/catedraamazonica.org\/index.php?rest_route=\/wp\/v2\/pages\/70\/revisions"}],"predecessor-version":[{"id":168,"href":"https:\/\/catedraamazonica.org\/index.php?rest_route=\/wp\/v2\/pages\/70\/revisions\/168"}],"wp:attachment":[{"href":"https:\/\/catedraamazonica.org\/index.php?rest_route=%2Fwp%2Fv2%2Fmedia&parent=70"}],"curies":[{"name":"wp","href":"https:\/\/api.w.org\/{rel}","templated":true}]}}