{"id":68,"date":"2023-03-11T11:21:47","date_gmt":"2023-03-11T11:21:47","guid":{"rendered":"https:\/\/catedraamazonica.org\/?page_id=68"},"modified":"2023-03-11T12:16:39","modified_gmt":"2023-03-11T12:16:39","slug":"misionologia","status":"publish","type":"page","link":"https:\/\/catedraamazonica.org\/?page_id=68","title":{"rendered":"Misionolog\u00eda"},"content":{"rendered":"\n<div class=\"wp-block-group\"><div class=\"wp-block-group__inner-container is-layout-constrained wp-block-group-is-layout-constrained\">\n<p class=\"has-accent-2-color has-text-color\">La misi\u00f3n de la Iglesia en la Amazon\u00eda es un tema de gran importancia y complejidad. La regi\u00f3n amaz\u00f3nica es hogar de una gran diversidad cultural y \u00e9tnica, con cientos de pueblos ind\u00edgenas que mantienen sus propias lenguas, tradiciones y cosmovisiones. La labor de la Iglesia en esta regi\u00f3n tiene que tener en cuenta esta diversidad y respetar la autonom\u00eda y los derechos de los pueblos originarios.<\/p>\n\n\n\n<p class=\"has-accent-2-color has-text-color\">En este sentido, la misi\u00f3n de la Iglesia en la Amazon\u00eda debe estar basada en una teolog\u00eda de la inculturaci\u00f3n, que busca comprender y valorar las culturas locales y encontrar formas de expresar el Evangelio de manera coherente con ellas. La inculturaci\u00f3n no implica la p\u00e9rdida de la identidad cristiana, sino todo lo contrario: permite que la fe se enriquezca y se exprese de maneras nuevas y creativas.<\/p>\n\n\n\n<p class=\"has-accent-2-color has-text-color\">El di\u00e1logo con las culturas locales es una parte fundamental de la labor misionera en la Amazon\u00eda. La Iglesia debe escuchar y aprender de los pueblos ind\u00edgenas, reconociendo sus conocimientos y sabidur\u00eda en relaci\u00f3n a la naturaleza y su entorno. El di\u00e1logo tambi\u00e9n implica un compromiso con la justicia y la solidaridad, luchando contra la pobreza, la exclusi\u00f3n y la explotaci\u00f3n que afectan a tantos habitantes de la regi\u00f3n.<\/p>\n\n\n\n<p class=\"has-accent-2-color has-text-color\">La misi\u00f3n de la Iglesia en la Amazon\u00eda tambi\u00e9n implica una dimensi\u00f3n ecol\u00f3gica, en l\u00ednea con la enc\u00edclica Laudato Si&#8217; del Papa Francisco. La protecci\u00f3n del medio ambiente es una cuesti\u00f3n crucial en la regi\u00f3n, donde la deforestaci\u00f3n, la contaminaci\u00f3n y el cambio clim\u00e1tico son graves problemas. La Iglesia debe comprometerse en la defensa del cuidado de la creaci\u00f3n y en la promoci\u00f3n de pr\u00e1cticas sostenibles y respetuosas con el medio ambiente.<\/p>\n\n\n\n<p class=\"has-accent-2-color has-text-color\">En resumen, la misi\u00f3n de la Iglesia en la Amazon\u00eda implica un compromiso con la inculturaci\u00f3n, el di\u00e1logo intercultural, la justicia social y la protecci\u00f3n del medio ambiente. La labor misionera en esta regi\u00f3n debe ser consciente de la diversidad cultural y \u00e9tnica y debe tener como objetivo la promoci\u00f3n de la dignidad humana y la construcci\u00f3n de una sociedad m\u00e1s justa y fraterna.<\/p>\n<\/div><\/div>\n\n\n<div class=\"wp-block-image\">\n<figure class=\"aligncenter size-full\"><img loading=\"lazy\" decoding=\"async\" width=\"350\" height=\"233\" src=\"https:\/\/catedraamazonica.org\/wp-content\/uploads\/2023\/03\/Iquitos.jpg\" alt=\"\" class=\"wp-image-132\" srcset=\"https:\/\/catedraamazonica.org\/wp-content\/uploads\/2023\/03\/Iquitos.jpg 350w, https:\/\/catedraamazonica.org\/wp-content\/uploads\/2023\/03\/Iquitos-300x200.jpg 300w\" sizes=\"auto, (max-width: 350px) 100vw, 350px\" \/><\/figure><\/div>","protected":false},"excerpt":{"rendered":"<p>La misi\u00f3n de la Iglesia en la Amazon\u00eda es un tema de gran importancia y complejidad. La regi\u00f3n amaz\u00f3nica es hogar de una gran diversidad &hellip;<\/p>\n","protected":false},"author":1,"featured_media":0,"parent":0,"menu_order":0,"comment_status":"closed","ping_status":"closed","template":"","meta":{"om_disable_all_campaigns":false,"_monsterinsights_skip_tracking":false,"_monsterinsights_sitenote_active":false,"_monsterinsights_sitenote_note":"","_monsterinsights_sitenote_category":0,"footnotes":""},"class_list":["post-68","page","type-page","status-publish","hentry"],"aioseo_notices":[],"_links":{"self":[{"href":"https:\/\/catedraamazonica.org\/index.php?rest_route=\/wp\/v2\/pages\/68","targetHints":{"allow":["GET"]}}],"collection":[{"href":"https:\/\/catedraamazonica.org\/index.php?rest_route=\/wp\/v2\/pages"}],"about":[{"href":"https:\/\/catedraamazonica.org\/index.php?rest_route=\/wp\/v2\/types\/page"}],"author":[{"embeddable":true,"href":"https:\/\/catedraamazonica.org\/index.php?rest_route=\/wp\/v2\/users\/1"}],"replies":[{"embeddable":true,"href":"https:\/\/catedraamazonica.org\/index.php?rest_route=%2Fwp%2Fv2%2Fcomments&post=68"}],"version-history":[{"count":3,"href":"https:\/\/catedraamazonica.org\/index.php?rest_route=\/wp\/v2\/pages\/68\/revisions"}],"predecessor-version":[{"id":133,"href":"https:\/\/catedraamazonica.org\/index.php?rest_route=\/wp\/v2\/pages\/68\/revisions\/133"}],"wp:attachment":[{"href":"https:\/\/catedraamazonica.org\/index.php?rest_route=%2Fwp%2Fv2%2Fmedia&parent=68"}],"curies":[{"name":"wp","href":"https:\/\/api.w.org\/{rel}","templated":true}]}}