{"id":67,"date":"2023-03-11T11:21:47","date_gmt":"2023-03-11T11:21:47","guid":{"rendered":"https:\/\/catedraamazonica.org\/?page_id=67"},"modified":"2023-03-11T12:17:47","modified_gmt":"2023-03-11T12:17:47","slug":"dialogo-interreligioso","status":"publish","type":"page","link":"https:\/\/catedraamazonica.org\/?page_id=67","title":{"rendered":"Di\u00e1logo Interreligioso"},"content":{"rendered":"\n<div class=\"wp-block-group\"><div class=\"wp-block-group__inner-container is-layout-constrained wp-block-group-is-layout-constrained\">\n<p class=\"has-accent-2-color has-text-color\">El di\u00e1logo interreligioso es un tema crucial en la Amazon\u00eda, una regi\u00f3n rica en diversidad cultural y religiosa. La convivencia pac\u00edfica y respetuosa entre diferentes religiones y culturas es fundamental para construir una sociedad justa y solidaria.<\/p>\n\n\n\n<p class=\"has-accent-2-color has-text-color\">El di\u00e1logo interreligioso se refiere al proceso de encuentro y comunicaci\u00f3n entre personas de diferentes religiones y creencias. Este proceso se basa en el respeto mutuo, la escucha activa y la comprensi\u00f3n del otro. En la Amazon\u00eda, donde coexisten diferentes pueblos ind\u00edgenas y comunidades religiosas, el di\u00e1logo interreligioso se ha convertido en un elemento esencial para construir puentes entre culturas y para fomentar la paz y la convivencia.<\/p>\n\n\n\n<p class=\"has-accent-2-color has-text-color\">Desde una perspectiva teol\u00f3gica, el di\u00e1logo interreligioso se entiende como un proceso de b\u00fasqueda de la verdad y la justicia. La diversidad religiosa es vista como un signo de la creatividad de Dios y de la riqueza de la creaci\u00f3n. La Iglesia Cat\u00f3lica ha sido un actor importante en el di\u00e1logo interreligioso en la Amazon\u00eda y ha trabajado junto a otras religiones para promover la justicia y la paz en la regi\u00f3n.<\/p>\n\n\n\n<p class=\"has-accent-2-color has-text-color\">El di\u00e1logo interreligioso tambi\u00e9n tiene un papel importante en la protecci\u00f3n del medio ambiente. En la Amazon\u00eda, la espiritualidad ind\u00edgena y las creencias religiosas est\u00e1n \u00edntimamente ligadas a la naturaleza y al medio ambiente. La lucha por la protecci\u00f3n del medio ambiente es, por tanto, una lucha por la defensa de la vida y por el respeto a la creaci\u00f3n divina.<\/p>\n\n\n\n<p class=\"has-accent-2-color has-text-color\">El di\u00e1logo interreligioso puede ayudar a encontrar soluciones sostenibles y justas para los problemas ambientales y sociales de la Amazon\u00eda. Al trabajar juntos, las diferentes comunidades religiosas y culturales pueden compartir conocimientos y experiencias, y encontrar formas de colaborar para proteger la naturaleza y promover la justicia social.<\/p>\n\n\n\n<p class=\"has-accent-2-color has-text-color\">En conclusi\u00f3n, el di\u00e1logo interreligioso es un elemento crucial en la construcci\u00f3n de una sociedad justa y solidaria en la Amazon\u00eda. Desde una perspectiva teol\u00f3gica, el di\u00e1logo interreligioso se entiende como un proceso de b\u00fasqueda de la verdad y la justicia. En la lucha por la protecci\u00f3n del medio ambiente y la promoci\u00f3n de la justicia social, el di\u00e1logo interreligioso puede ser una herramienta poderosa para construir puentes entre culturas y para fomentar la paz y la convivencia en la regi\u00f3n.<\/p>\n<\/div><\/div>\n\n\n<div class=\"wp-block-image\">\n<figure class=\"aligncenter size-large\"><img loading=\"lazy\" decoding=\"async\" width=\"1024\" height=\"1024\" src=\"https:\/\/catedraamazonica.org\/wp-content\/uploads\/2023\/03\/forest-goddess-7601056_1280-1024x1024.jpg\" alt=\"\" class=\"wp-image-134\" srcset=\"https:\/\/catedraamazonica.org\/wp-content\/uploads\/2023\/03\/forest-goddess-7601056_1280-1024x1024.jpg 1024w, https:\/\/catedraamazonica.org\/wp-content\/uploads\/2023\/03\/forest-goddess-7601056_1280-300x300.jpg 300w, https:\/\/catedraamazonica.org\/wp-content\/uploads\/2023\/03\/forest-goddess-7601056_1280-150x150.jpg 150w, https:\/\/catedraamazonica.org\/wp-content\/uploads\/2023\/03\/forest-goddess-7601056_1280-768x768.jpg 768w, https:\/\/catedraamazonica.org\/wp-content\/uploads\/2023\/03\/forest-goddess-7601056_1280.jpg 1280w\" sizes=\"auto, (max-width: 1024px) 100vw, 1024px\" \/><\/figure><\/div>","protected":false},"excerpt":{"rendered":"<p>El di\u00e1logo interreligioso es un tema crucial en la Amazon\u00eda, una regi\u00f3n rica en diversidad cultural y religiosa. La convivencia pac\u00edfica y respetuosa entre diferentes &hellip;<\/p>\n","protected":false},"author":1,"featured_media":0,"parent":0,"menu_order":0,"comment_status":"closed","ping_status":"closed","template":"","meta":{"om_disable_all_campaigns":false,"_monsterinsights_skip_tracking":false,"_monsterinsights_sitenote_active":false,"_monsterinsights_sitenote_note":"","_monsterinsights_sitenote_category":0,"footnotes":""},"class_list":["post-67","page","type-page","status-publish","hentry"],"aioseo_notices":[],"_links":{"self":[{"href":"https:\/\/catedraamazonica.org\/index.php?rest_route=\/wp\/v2\/pages\/67","targetHints":{"allow":["GET"]}}],"collection":[{"href":"https:\/\/catedraamazonica.org\/index.php?rest_route=\/wp\/v2\/pages"}],"about":[{"href":"https:\/\/catedraamazonica.org\/index.php?rest_route=\/wp\/v2\/types\/page"}],"author":[{"embeddable":true,"href":"https:\/\/catedraamazonica.org\/index.php?rest_route=\/wp\/v2\/users\/1"}],"replies":[{"embeddable":true,"href":"https:\/\/catedraamazonica.org\/index.php?rest_route=%2Fwp%2Fv2%2Fcomments&post=67"}],"version-history":[{"count":4,"href":"https:\/\/catedraamazonica.org\/index.php?rest_route=\/wp\/v2\/pages\/67\/revisions"}],"predecessor-version":[{"id":156,"href":"https:\/\/catedraamazonica.org\/index.php?rest_route=\/wp\/v2\/pages\/67\/revisions\/156"}],"wp:attachment":[{"href":"https:\/\/catedraamazonica.org\/index.php?rest_route=%2Fwp%2Fv2%2Fmedia&parent=67"}],"curies":[{"name":"wp","href":"https:\/\/api.w.org\/{rel}","templated":true}]}}