{"id":65,"date":"2023-03-11T11:21:47","date_gmt":"2023-03-11T11:21:47","guid":{"rendered":"https:\/\/catedraamazonica.org\/?page_id=65"},"modified":"2023-03-11T12:17:10","modified_gmt":"2023-03-11T12:17:10","slug":"espiritualidad-indigena","status":"publish","type":"page","link":"https:\/\/catedraamazonica.org\/?page_id=65","title":{"rendered":"Espiritualidad Ind\u00edgena"},"content":{"rendered":"\n<div class=\"wp-block-group\"><div class=\"wp-block-group__inner-container is-layout-constrained wp-block-group-is-layout-constrained\">\n<p class=\"has-accent-2-color has-text-color\">La espiritualidad ind\u00edgena es una parte fundamental de la vida y la cultura de los pueblos ind\u00edgenas de la Amazon\u00eda. Para estos pueblos, la espiritualidad es inseparable de su relaci\u00f3n con la naturaleza y el medio ambiente. En este art\u00edculo, exploraremos las creencias y pr\u00e1cticas espirituales de los pueblos ind\u00edgenas de la Amazon\u00eda y reflexionaremos sobre la diversidad cultural y religiosa en la regi\u00f3n.<\/p>\n\n\n\n<p class=\"has-accent-2-color has-text-color\">Para los pueblos ind\u00edgenas de la Amazon\u00eda, el mundo espiritual es tan importante como el mundo f\u00edsico. Las creencias y pr\u00e1cticas espirituales var\u00edan entre los diferentes pueblos ind\u00edgenas, pero en general, comparten la idea de que todas las cosas tienen un esp\u00edritu y est\u00e1n interconectadas. La naturaleza es vista como sagrada y se cree que los seres humanos deben vivir en armon\u00eda con ella.<\/p>\n\n\n\n<p class=\"has-accent-2-color has-text-color\">Las pr\u00e1cticas espirituales de los pueblos ind\u00edgenas de la Amazon\u00eda incluyen rituales y ceremonias que honran a la naturaleza y a los esp\u00edritus. Estas pr\u00e1cticas a menudo implican el uso de plantas sagradas, como la ayahuasca, que se cree que tienen propiedades curativas y espirituales. Los rituales tambi\u00e9n pueden involucrar danzas, cantos y ofrendas a los esp\u00edritus.<\/p>\n\n\n\n<p class=\"has-accent-2-color has-text-color\">La espiritualidad ind\u00edgena tambi\u00e9n se enfoca en la relaci\u00f3n entre los seres humanos y sus antepasados. Muchos pueblos ind\u00edgenas creen que los esp\u00edritus de sus antepasados est\u00e1n presentes en la naturaleza y pueden ser invocados en los rituales. Se cree que los antepasados pueden brindar protecci\u00f3n y sabidur\u00eda a sus descendientes.<\/p>\n\n\n\n<p class=\"has-accent-2-color has-text-color\">La diversidad cultural y religiosa en la regi\u00f3n amaz\u00f3nica es notable. Se estima que hay m\u00e1s de 400 pueblos ind\u00edgenas en la regi\u00f3n, cada uno con su propia cultura y tradiciones espirituales. Adem\u00e1s, la regi\u00f3n ha sido influenciada por la llegada de misioneros y colonizadores europeos, lo que ha llevado a la aparici\u00f3n de nuevas religiones y pr\u00e1cticas espirituales.<\/p>\n\n\n\n<p class=\"has-accent-2-color has-text-color\">La diversidad religiosa en la regi\u00f3n amaz\u00f3nica plantea importantes preguntas teol\u00f3gicas. \u00bfC\u00f3mo pueden los cristianos respetar y aprender de las creencias y pr\u00e1cticas espirituales de los pueblos ind\u00edgenas sin comprometer su propia fe? \u00bfC\u00f3mo pueden los cristianos trabajar con los pueblos ind\u00edgenas para proteger el medio ambiente y promover la justicia social?<\/p>\n\n\n\n<p class=\"has-accent-2-color has-text-color\">Una respuesta teol\u00f3gica a estas preguntas es reconocer la importancia de la diversidad cultural y religiosa en la regi\u00f3n amaz\u00f3nica y en todo el mundo. Los cristianos pueden aprender de las creencias y pr\u00e1cticas espirituales de los pueblos ind\u00edgenas y encontrar maneras de integrarlas en su propia fe y pr\u00e1ctica. Los cristianos tambi\u00e9n pueden trabajar con los pueblos ind\u00edgenas para proteger el medio ambiente y promover la justicia social.<\/p>\n\n\n\n<p class=\"has-accent-2-color has-text-color\">En resumen, la espiritualidad ind\u00edgena es una parte fundamental de la vida y la cultura de los pueblos ind\u00edgenas de la Amazon\u00eda.<\/p>\n<\/div><\/div>\n\n\n<div class=\"wp-block-image\">\n<figure class=\"aligncenter size-large\"><img loading=\"lazy\" decoding=\"async\" width=\"1024\" height=\"751\" src=\"https:\/\/catedraamazonica.org\/wp-content\/uploads\/2023\/03\/Danca_tupinikin_2008-1024x751.jpg\" alt=\"\" class=\"wp-image-136\" srcset=\"https:\/\/catedraamazonica.org\/wp-content\/uploads\/2023\/03\/Danca_tupinikin_2008-1024x751.jpg 1024w, https:\/\/catedraamazonica.org\/wp-content\/uploads\/2023\/03\/Danca_tupinikin_2008-300x220.jpg 300w, https:\/\/catedraamazonica.org\/wp-content\/uploads\/2023\/03\/Danca_tupinikin_2008-768x563.jpg 768w, https:\/\/catedraamazonica.org\/wp-content\/uploads\/2023\/03\/Danca_tupinikin_2008-1536x1127.jpg 1536w, https:\/\/catedraamazonica.org\/wp-content\/uploads\/2023\/03\/Danca_tupinikin_2008-2048x1502.jpg 2048w, https:\/\/catedraamazonica.org\/wp-content\/uploads\/2023\/03\/Danca_tupinikin_2008-359x263.jpg 359w\" sizes=\"auto, (max-width: 1024px) 100vw, 1024px\" \/><\/figure><\/div>","protected":false},"excerpt":{"rendered":"<p>La espiritualidad ind\u00edgena es una parte fundamental de la vida y la cultura de los pueblos ind\u00edgenas de la Amazon\u00eda. Para estos pueblos, la espiritualidad &hellip;<\/p>\n","protected":false},"author":1,"featured_media":0,"parent":0,"menu_order":0,"comment_status":"closed","ping_status":"closed","template":"","meta":{"om_disable_all_campaigns":false,"_monsterinsights_skip_tracking":false,"_monsterinsights_sitenote_active":false,"_monsterinsights_sitenote_note":"","_monsterinsights_sitenote_category":0,"footnotes":""},"class_list":["post-65","page","type-page","status-publish","hentry"],"aioseo_notices":[],"_links":{"self":[{"href":"https:\/\/catedraamazonica.org\/index.php?rest_route=\/wp\/v2\/pages\/65","targetHints":{"allow":["GET"]}}],"collection":[{"href":"https:\/\/catedraamazonica.org\/index.php?rest_route=\/wp\/v2\/pages"}],"about":[{"href":"https:\/\/catedraamazonica.org\/index.php?rest_route=\/wp\/v2\/types\/page"}],"author":[{"embeddable":true,"href":"https:\/\/catedraamazonica.org\/index.php?rest_route=\/wp\/v2\/users\/1"}],"replies":[{"embeddable":true,"href":"https:\/\/catedraamazonica.org\/index.php?rest_route=%2Fwp%2Fv2%2Fcomments&post=65"}],"version-history":[{"count":4,"href":"https:\/\/catedraamazonica.org\/index.php?rest_route=\/wp\/v2\/pages\/65\/revisions"}],"predecessor-version":[{"id":155,"href":"https:\/\/catedraamazonica.org\/index.php?rest_route=\/wp\/v2\/pages\/65\/revisions\/155"}],"wp:attachment":[{"href":"https:\/\/catedraamazonica.org\/index.php?rest_route=%2Fwp%2Fv2%2Fmedia&parent=65"}],"curies":[{"name":"wp","href":"https:\/\/api.w.org\/{rel}","templated":true}]}}