{"id":64,"date":"2023-03-11T11:21:47","date_gmt":"2023-03-11T11:21:47","guid":{"rendered":"https:\/\/catedraamazonica.org\/?page_id=64"},"modified":"2023-03-11T12:15:11","modified_gmt":"2023-03-11T12:15:11","slug":"teologia-de-la-liberacion","status":"publish","type":"page","link":"https:\/\/catedraamazonica.org\/?page_id=64","title":{"rendered":"Teolog\u00eda de la Liberaci\u00f3n"},"content":{"rendered":"\n<div class=\"wp-block-group has-accent-2-color has-text-color\"><div class=\"wp-block-group__inner-container is-layout-constrained wp-block-group-is-layout-constrained\">\n<p class=\"has-accent-2-color has-text-color\">La Teolog\u00eda de la Liberaci\u00f3n es un movimiento teol\u00f3gico que naci\u00f3 en Am\u00e9rica Latina en la d\u00e9cada de 1960. Esta teolog\u00eda est\u00e1 basada en la idea de que la fe debe estar comprometida con la lucha por la justicia social y la liberaci\u00f3n de los oprimidos, especialmente los pobres y los marginados.<\/p>\n\n\n\n<p class=\"has-accent-2-color has-text-color\">En la regi\u00f3n amaz\u00f3nica, la Teolog\u00eda de la Liberaci\u00f3n ha encontrado un terreno f\u00e9rtil para su aplicaci\u00f3n. Los pueblos ind\u00edgenas de la Amazon\u00eda han sido hist\u00f3ricamente marginados y explotados por los intereses econ\u00f3micos y pol\u00edticos de las empresas y los gobiernos. La teolog\u00eda de la liberaci\u00f3n ha sido un motor importante en la lucha por los derechos de estos pueblos.<\/p>\n\n\n\n<p class=\"has-accent-2-color has-text-color\">La teolog\u00eda de la liberaci\u00f3n se basa en una interpretaci\u00f3n cr\u00edtica de las Escrituras y en una comprensi\u00f3n de que la salvaci\u00f3n no solo se refiere a la salvaci\u00f3n individual, sino que tambi\u00e9n implica la liberaci\u00f3n de las estructuras sociales injustas que oprimen a los pobres y a los marginados. La Teolog\u00eda de la Liberaci\u00f3n se enfoca en la realidad social, pol\u00edtica y econ\u00f3mica de las personas y busca soluciones concretas para estas problem\u00e1ticas.<\/p>\n\n\n\n<p class=\"has-accent-2-color has-text-color\">En el contexto amaz\u00f3nico, la Teolog\u00eda de la Liberaci\u00f3n se ha enfocado en la defensa de los derechos de los pueblos ind\u00edgenas y la protecci\u00f3n del medio ambiente. Los te\u00f3logos de la liberaci\u00f3n han trabajado con los l\u00edderes ind\u00edgenas para denunciar las injusticias cometidas contra ellos y para luchar contra los proyectos que degradan la biodiversidad y la cultura de la regi\u00f3n. Estos te\u00f3logos han sido una voz importante en la lucha por la defensa de los derechos humanos en la Amazon\u00eda.<\/p>\n\n\n\n<p class=\"has-accent-2-color has-text-color\">La Teolog\u00eda de la Liberaci\u00f3n tambi\u00e9n ha sido importante para fomentar la solidaridad entre los pueblos de la regi\u00f3n. La teolog\u00eda de la liberaci\u00f3n busca fomentar la comprensi\u00f3n y el respeto por la diversidad cultural y religiosa de los pueblos ind\u00edgenas de la Amazon\u00eda. Esta comprensi\u00f3n ha sido fundamental para la construcci\u00f3n de alianzas y la solidaridad en la lucha por la justicia social en la regi\u00f3n.<\/p>\n\n\n\n<p class=\"has-accent-2-color has-text-color\">En conclusi\u00f3n, la Teolog\u00eda de la Liberaci\u00f3n ha sido una herramienta importante en la lucha por los derechos de los pueblos ind\u00edgenas de la Amazon\u00eda. Esta teolog\u00eda ha enfocado su atenci\u00f3n en la realidad social, pol\u00edtica y econ\u00f3mica de las personas y ha trabajado para denunciar las injusticias y luchar contra los proyectos que degradan la biodiversidad y la cultura de la regi\u00f3n. Adem\u00e1s, ha fomentado la comprensi\u00f3n y el respeto por la diversidad cultural y religiosa de los pueblos de la regi\u00f3n y ha fomentado la solidaridad entre ellos en la lucha por la justicia social. La Teolog\u00eda de la Liberaci\u00f3n es una teolog\u00eda que mira hacia el futuro y busca construir un mundo m\u00e1s justo y solidario para todos.<\/p>\n<\/div><\/div>\n\n\n<div class=\"wp-block-image\">\n<figure class=\"aligncenter size-large\"><img loading=\"lazy\" decoding=\"async\" width=\"1024\" height=\"745\" src=\"https:\/\/catedraamazonica.org\/wp-content\/uploads\/2023\/03\/bible-162734_1280-1024x745.jpg\" alt=\"\" class=\"wp-image-146\" srcset=\"https:\/\/catedraamazonica.org\/wp-content\/uploads\/2023\/03\/bible-162734_1280-1024x745.jpg 1024w, https:\/\/catedraamazonica.org\/wp-content\/uploads\/2023\/03\/bible-162734_1280-300x218.jpg 300w, https:\/\/catedraamazonica.org\/wp-content\/uploads\/2023\/03\/bible-162734_1280-768x559.jpg 768w, https:\/\/catedraamazonica.org\/wp-content\/uploads\/2023\/03\/bible-162734_1280-359x261.jpg 359w, https:\/\/catedraamazonica.org\/wp-content\/uploads\/2023\/03\/bible-162734_1280-413x300.jpg 413w, https:\/\/catedraamazonica.org\/wp-content\/uploads\/2023\/03\/bible-162734_1280.jpg 1280w\" sizes=\"auto, (max-width: 1024px) 100vw, 1024px\" \/><\/figure><\/div>","protected":false},"excerpt":{"rendered":"<p>La Teolog\u00eda de la Liberaci\u00f3n es un movimiento teol\u00f3gico que naci\u00f3 en Am\u00e9rica Latina en la d\u00e9cada de 1960. Esta teolog\u00eda est\u00e1 basada en la &hellip;<\/p>\n","protected":false},"author":1,"featured_media":0,"parent":0,"menu_order":0,"comment_status":"closed","ping_status":"closed","template":"","meta":{"om_disable_all_campaigns":false,"_monsterinsights_skip_tracking":false,"_monsterinsights_sitenote_active":false,"_monsterinsights_sitenote_note":"","_monsterinsights_sitenote_category":0,"footnotes":""},"class_list":["post-64","page","type-page","status-publish","hentry"],"aioseo_notices":[],"_links":{"self":[{"href":"https:\/\/catedraamazonica.org\/index.php?rest_route=\/wp\/v2\/pages\/64","targetHints":{"allow":["GET"]}}],"collection":[{"href":"https:\/\/catedraamazonica.org\/index.php?rest_route=\/wp\/v2\/pages"}],"about":[{"href":"https:\/\/catedraamazonica.org\/index.php?rest_route=\/wp\/v2\/types\/page"}],"author":[{"embeddable":true,"href":"https:\/\/catedraamazonica.org\/index.php?rest_route=\/wp\/v2\/users\/1"}],"replies":[{"embeddable":true,"href":"https:\/\/catedraamazonica.org\/index.php?rest_route=%2Fwp%2Fv2%2Fcomments&post=64"}],"version-history":[{"count":4,"href":"https:\/\/catedraamazonica.org\/index.php?rest_route=\/wp\/v2\/pages\/64\/revisions"}],"predecessor-version":[{"id":153,"href":"https:\/\/catedraamazonica.org\/index.php?rest_route=\/wp\/v2\/pages\/64\/revisions\/153"}],"wp:attachment":[{"href":"https:\/\/catedraamazonica.org\/index.php?rest_route=%2Fwp%2Fv2%2Fmedia&parent=64"}],"curies":[{"name":"wp","href":"https:\/\/api.w.org\/{rel}","templated":true}]}}