{"id":63,"date":"2023-03-11T11:21:47","date_gmt":"2023-03-11T11:21:47","guid":{"rendered":"https:\/\/catedraamazonica.org\/?page_id=63"},"modified":"2024-06-20T18:59:19","modified_gmt":"2024-06-20T18:59:19","slug":"teologia","status":"publish","type":"page","link":"https:\/\/catedraamazonica.org\/?page_id=63","title":{"rendered":"Teolog\u00eda"},"content":{"rendered":"\n<div class=\"wp-block-group has-accent-2-color has-text-color\"><div class=\"wp-block-group__inner-container is-layout-constrained wp-block-group-is-layout-constrained\">\n<div class=\"wp-block-group has-accent-2-color has-text-color\"><div class=\"wp-block-group__inner-container is-layout-constrained wp-block-group-is-layout-constrained\">\n<div class=\"wp-block-group\"><div class=\"wp-block-group__inner-container is-layout-constrained wp-block-group-is-layout-constrained\">\n<div class=\"wp-block-group\"><div class=\"wp-block-group__inner-container is-layout-constrained wp-block-group-is-layout-constrained\">\n<ul class=\"wp-block-list\">\n<li><\/li>\n<\/ul>\n<\/div><\/div>\n<\/div><\/div>\n<\/div><\/div>\n<\/div><\/div>\n\n\n\n<p class=\"has-accent-2-color has-text-color\">La teolog\u00eda es importante en la Amazonia por varias razones:<\/p>\n\n\n\n<ul class=\"wp-block-list\">\n<li><\/li>\n<\/ul>\n\n\n\n<ul class=\"wp-block-list\">\n<li>La Amazonia es una regi\u00f3n que alberga a una gran diversidad de pueblos ind\u00edgenas, cada uno con su propia cultura y cosmovisi\u00f3n. La teolog\u00eda puede ayudar a comprender mejor estas culturas y a encontrar formas de di\u00e1logo y colaboraci\u00f3n entre ellas y la Iglesia.<\/li>\n\n\n\n<li>La Amazonia es una regi\u00f3n con una gran biodiversidad y una enorme importancia para el equilibrio ecol\u00f3gico del planeta. La teolog\u00eda puede contribuir a promover una ecolog\u00eda integral que respete la naturaleza y la vida de los pueblos que la habitan.<\/li>\n\n\n\n<li>La Amazonia es tambi\u00e9n una regi\u00f3n con una gran diversidad religiosa, donde conviven el catolicismo, el protestantismo, el espiritismo, el animismo y otras creencias. La teolog\u00eda puede ayudar a la Iglesia a comprender mejor esta realidad y a encontrar formas de di\u00e1logo y respeto mutuo entre las diferentes religiones.<\/li>\n\n\n\n<li>La Amazonia es una regi\u00f3n donde se han producido graves injusticias y violaciones de los derechos humanos, como el desplazamiento forzado de comunidades ind\u00edgenas, la destrucci\u00f3n de la naturaleza y la explotaci\u00f3n de los recursos naturales. La teolog\u00eda puede contribuir a promover una \u00e9tica de la solidaridad y la justicia que defienda los derechos de los m\u00e1s vulnerables y cuestione los modelos de desarrollo depredadores.<\/li>\n<\/ul>\n\n\n\n<p class=\"has-accent-2-color has-text-color\">Por tanto, la teolog\u00eda puede ayudar a la Iglesia a comprender mejor la compleja realidad de la Amazonia y a encontrar formas de di\u00e1logo, respeto mutuo y compromiso con los pueblos y la naturaleza que la habitan.<\/p>\n","protected":false},"excerpt":{"rendered":"<p>La teolog\u00eda es importante en la Amazonia por varias razones: Por tanto, la teolog\u00eda puede ayudar a la Iglesia a comprender mejor la compleja realidad &hellip;<\/p>\n","protected":false},"author":1,"featured_media":0,"parent":0,"menu_order":0,"comment_status":"closed","ping_status":"closed","template":"","meta":{"om_disable_all_campaigns":false,"_monsterinsights_skip_tracking":false,"_monsterinsights_sitenote_active":false,"_monsterinsights_sitenote_note":"","_monsterinsights_sitenote_category":0,"footnotes":""},"class_list":["post-63","page","type-page","status-publish","hentry"],"aioseo_notices":[],"_links":{"self":[{"href":"https:\/\/catedraamazonica.org\/index.php?rest_route=\/wp\/v2\/pages\/63","targetHints":{"allow":["GET"]}}],"collection":[{"href":"https:\/\/catedraamazonica.org\/index.php?rest_route=\/wp\/v2\/pages"}],"about":[{"href":"https:\/\/catedraamazonica.org\/index.php?rest_route=\/wp\/v2\/types\/page"}],"author":[{"embeddable":true,"href":"https:\/\/catedraamazonica.org\/index.php?rest_route=\/wp\/v2\/users\/1"}],"replies":[{"embeddable":true,"href":"https:\/\/catedraamazonica.org\/index.php?rest_route=%2Fwp%2Fv2%2Fcomments&post=63"}],"version-history":[{"count":6,"href":"https:\/\/catedraamazonica.org\/index.php?rest_route=\/wp\/v2\/pages\/63\/revisions"}],"predecessor-version":[{"id":366,"href":"https:\/\/catedraamazonica.org\/index.php?rest_route=\/wp\/v2\/pages\/63\/revisions\/366"}],"wp:attachment":[{"href":"https:\/\/catedraamazonica.org\/index.php?rest_route=%2Fwp%2Fv2%2Fmedia&parent=63"}],"curies":[{"name":"wp","href":"https:\/\/api.w.org\/{rel}","templated":true}]}}