{"id":195,"date":"2023-03-12T17:44:33","date_gmt":"2023-03-12T17:44:33","guid":{"rendered":"https:\/\/catedraamazonica.org\/?page_id=195"},"modified":"2023-03-20T21:08:59","modified_gmt":"2023-03-20T21:08:59","slug":"san-agustin","status":"publish","type":"page","link":"https:\/\/catedraamazonica.org\/?page_id=195","title":{"rendered":"San Agust\u00edn"},"content":{"rendered":"\n<p class=\"has-accent-2-color has-text-color\">San Agust\u00edn, tambi\u00e9n conocido como Agust\u00edn de Hipona, fue un influyente fil\u00f3sofo y te\u00f3logo cristiano que vivi\u00f3 en el siglo IV y V d.C. Su pensamiento y escritos han tenido un impacto duradero en la filosof\u00eda, la teolog\u00eda y la \u00e9tica cristiana, y tambi\u00e9n se han relacionado con la defensa de los derechos humanos.<\/p>\n\n\n\n<p class=\"has-accent-2-color has-text-color\">En particular, San Agust\u00edn desarroll\u00f3 una concepci\u00f3n del ser humano como un ser racional y moral que posee una dignidad inherente y una capacidad para conocer y amar a Dios. Esta visi\u00f3n de la persona humana es una base importante para la defensa de los derechos humanos, ya que implica que cada individuo tiene un valor intr\u00ednseco y merece ser tratado con respeto y justicia.<\/p>\n\n\n\n<p class=\"has-accent-2-color has-text-color\">Adem\u00e1s, San Agust\u00edn tambi\u00e9n habl\u00f3 en contra de la esclavitud y la opresi\u00f3n, argumentando que todos los seres humanos tienen derecho a ser libres y no pueden ser tratados como propiedad. Este enfoque de la justicia y la libertad tambi\u00e9n se relaciona con la defensa de los derechos humanos.<\/p>\n\n\n\n<p class=\"has-accent-2-color has-text-color\">Aunque San Agust\u00edn no habl\u00f3 expl\u00edcitamente de los derechos humanos como lo hacemos hoy en d\u00eda, su enfoque filos\u00f3fico y teol\u00f3gico sobre la dignidad humana y la justicia ha sido una fuente de inspiraci\u00f3n para muchas personas y movimientos que luchan por la defensa de los derechos humanos.<\/p>\n\n\n\n<div class=\"wp-block-buttons alignwide is-layout-flex wp-block-buttons-is-layout-flex\">\n<div class=\"wp-block-button has-custom-width wp-block-button__width-25 has-custom-font-size is-style-fill has-small-font-size\"><a class=\"wp-block-button__link has-accent-2-color has-accent-1-background-color has-text-color has-background wp-element-button\" href=\"https:\/\/catedraamazonica.org\/?page_id=95\"><strong>Conoce m\u00e1s sobre la C\u00e1tedra Amaz\u00f3nica<\/strong><\/a><\/div>\n<\/div>\n\n\n\n<p><\/p>\n\n\n\n<p><\/p>\n\n\n<div class=\"wp-block-image\">\n<figure class=\"aligncenter size-full\"><img loading=\"lazy\" decoding=\"async\" width=\"541\" height=\"852\" src=\"https:\/\/catedraamazonica.org\/wp-content\/uploads\/2023\/03\/san-agustin-img3.jpg\" alt=\"\" class=\"wp-image-203\" srcset=\"https:\/\/catedraamazonica.org\/wp-content\/uploads\/2023\/03\/san-agustin-img3.jpg 541w, https:\/\/catedraamazonica.org\/wp-content\/uploads\/2023\/03\/san-agustin-img3-190x300.jpg 190w\" sizes=\"auto, (max-width: 541px) 100vw, 541px\" \/><\/figure><\/div>","protected":false},"excerpt":{"rendered":"<p>San Agust\u00edn, tambi\u00e9n conocido como Agust\u00edn de Hipona, fue un influyente fil\u00f3sofo y te\u00f3logo cristiano que vivi\u00f3 en el siglo IV y V d.C. Su &hellip;<\/p>\n","protected":false},"author":1,"featured_media":0,"parent":0,"menu_order":0,"comment_status":"closed","ping_status":"closed","template":"","meta":{"om_disable_all_campaigns":false,"_monsterinsights_skip_tracking":false,"_monsterinsights_sitenote_active":false,"_monsterinsights_sitenote_note":"","_monsterinsights_sitenote_category":0,"footnotes":""},"class_list":["post-195","page","type-page","status-publish","hentry"],"aioseo_notices":[],"_links":{"self":[{"href":"https:\/\/catedraamazonica.org\/index.php?rest_route=\/wp\/v2\/pages\/195","targetHints":{"allow":["GET"]}}],"collection":[{"href":"https:\/\/catedraamazonica.org\/index.php?rest_route=\/wp\/v2\/pages"}],"about":[{"href":"https:\/\/catedraamazonica.org\/index.php?rest_route=\/wp\/v2\/types\/page"}],"author":[{"embeddable":true,"href":"https:\/\/catedraamazonica.org\/index.php?rest_route=\/wp\/v2\/users\/1"}],"replies":[{"embeddable":true,"href":"https:\/\/catedraamazonica.org\/index.php?rest_route=%2Fwp%2Fv2%2Fcomments&post=195"}],"version-history":[{"count":6,"href":"https:\/\/catedraamazonica.org\/index.php?rest_route=\/wp\/v2\/pages\/195\/revisions"}],"predecessor-version":[{"id":294,"href":"https:\/\/catedraamazonica.org\/index.php?rest_route=\/wp\/v2\/pages\/195\/revisions\/294"}],"wp:attachment":[{"href":"https:\/\/catedraamazonica.org\/index.php?rest_route=%2Fwp%2Fv2%2Fmedia&parent=195"}],"curies":[{"name":"wp","href":"https:\/\/api.w.org\/{rel}","templated":true}]}}